{"id":21984,"date":"2023-12-04T21:41:03","date_gmt":"2023-12-04T20:41:03","guid":{"rendered":"https:\/\/actilab.ma\/new\/shop-2\/non%20class\u00e9\/toise-pour-bebe\/"},"modified":"2024-10-17T10:05:55","modified_gmt":"2024-10-17T09:05:55","slug":"toise-pour-bebe","status":"publish","type":"product","link":"https:\/\/actilab.ma\/new\/shop-2\/materiel-de-diagnostic\/diagnostic-generaliste\/pese-personne-mesures\/toise-pour-bebe\/","title":{"rendered":"TOISE POUR B\u00c9B\u00c9"},"content":{"rendered":"","protected":false},"excerpt":{"rendered":"<p><strong>Calibre pour Mesure de Nouveaux N\u00e9s\u00a0<\/strong><br \/>\n\u2022 En Aluminium l\u00e9ger<br \/>\n\u2022 Plage de mesure de 7 \u00e0 100 cm<br \/>\n\u2022 Graduation : 1mm<br \/>\n\u2022 Dimensions : 1004\u00a0x 268 x 120 mm<br \/>\n\u2022 Poids : 0.63 kg<\/p>\n","protected":false},"featured_media":24293,"comment_status":"open","ping_status":"closed","template":"","meta":{"om_disable_all_campaigns":false},"product_brand":[],"product_cat":[649,648,703],"product_tag":[],"class_list":{"0":"post-21984","1":"product","2":"type-product","3":"status-publish","4":"has-post-thumbnail","6":"product_cat-diagnostic-generaliste","7":"product_cat-materiel-de-diagnostic","8":"product_cat-pese-personne-mesures","10":"first","11":"instock","12":"shipping-taxable","13":"product-type-simple"},"_links":{"self":[{"href":"https:\/\/actilab.ma\/new\/wp-json\/wp\/v2\/product\/21984","targetHints":{"allow":["GET"]}}],"collection":[{"href":"https:\/\/actilab.ma\/new\/wp-json\/wp\/v2\/product"}],"about":[{"href":"https:\/\/actilab.ma\/new\/wp-json\/wp\/v2\/types\/product"}],"replies":[{"embeddable":true,"href":"https:\/\/actilab.ma\/new\/wp-json\/wp\/v2\/comments?post=21984"}],"wp:featuredmedia":[{"embeddable":true,"href":"https:\/\/actilab.ma\/new\/wp-json\/wp\/v2\/media\/24293"}],"wp:attachment":[{"href":"https:\/\/actilab.ma\/new\/wp-json\/wp\/v2\/media?parent=21984"}],"wp:term":[{"taxonomy":"product_brand","embeddable":true,"href":"https:\/\/actilab.ma\/new\/wp-json\/wp\/v2\/product_brand?post=21984"},{"taxonomy":"product_cat","embeddable":true,"href":"https:\/\/actilab.ma\/new\/wp-json\/wp\/v2\/product_cat?post=21984"},{"taxonomy":"product_tag","embeddable":true,"href":"https:\/\/actilab.ma\/new\/wp-json\/wp\/v2\/product_tag?post=21984"}],"curies":[{"name":"wp","href":"https:\/\/api.w.org\/{rel}","templated":true}]}}